{"id":31,"date":"2025-07-27T13:56:38","date_gmt":"2025-07-27T13:56:38","guid":{"rendered":"https:\/\/femiluxenaturel.com\/?page_id=31"},"modified":"2025-07-29T17:34:18","modified_gmt":"2025-07-29T17:34:18","slug":"accueil-homepage","status":"publish","type":"page","link":"https:\/\/femiluxenaturel.com\/en\/","title":{"rendered":"Accueil -Homepage"},"content":{"rendered":"<h3 class=\"wp-block-heading\">\ud83c\uddeb\ud83c\uddf7&nbsp;<\/h3>\n\n\n\n<blockquote class=\"wp-block-quote is-layout-flow wp-block-quote-is-layout-flow\">\n<p><strong>Bienvenue chez Femi Luxe Naturel \ud83c\udf38<\/strong><\/p>\n\n\n\n<div class=\"wp-block-group is-vertical is-layout-flex wp-container-core-group-is-layout-fe9cc265 wp-block-group-is-layout-flex\">\n<p>Ici commence ton voyage vers une beaut\u00e9 naturelle, authentique et lumineuse.<\/p>\n\n\n\n<p>Chez Femi Luxe Naturel, nous croyons en la puissance de la nature et en l\u2019\u00e9l\u00e9gance simple de chaque femme. Notre mission ? T\u2019aider \u00e0 r\u00e9v\u00e9ler ta beaut\u00e9 naturelle \u00e0 travers des soins doux, efficaces et inspirants.<\/p>\n\n\n\n<p>\ud83c\udf3f Produits 100 % naturels<br>\u2728 Conseils bien-\u00eatre et rituels de soins<br>\ud83d\udc96 Une communaut\u00e9 bienveillante et inspirante<\/p>\n\n\n\n<p>Explore nos produits, d\u00e9couvre des astuces pour prendre soin de toi au quotidien, et laisse-toi guider par une vision du luxe simple, doux, et profond\u00e9ment f\u00e9minin.<\/p>\n\n\n\n<p><strong>Tu es belle. Naturellement.<\/strong><\/p>\n\n\n\n<p>Merci d\u2019\u00eatre ici \ud83d\udcab<\/p>\n<\/div>\n<\/blockquote>\n\n\n\n<hr class=\"wp-block-separator has-alpha-channel-opacity\"\/>\n\n\n\n<h3 class=\"wp-block-heading\">\ud83c\uddec\ud83c\udde7&nbsp;<\/h3>\n\n\n\n<blockquote class=\"wp-block-quote is-layout-flow wp-block-quote-is-layout-flow\">\n<p><strong>Welcome to Femi Luxe Naturel \ud83c\udf38<\/strong><\/p>\n\n\n\n<p>This is the beginning of your journey toward natural, authentic, and radiant beauty.<\/p>\n\n\n\n<p>At Femi Luxe Naturel, we believe in the power of nature and the simple elegance of every woman. Our mission? To help you reveal your natural beauty through gentle, effective, and inspiring care.<\/p>\n\n\n\n<p>\ud83c\udf3f 100% natural products<br>\u2728 Wellness tips and beauty rituals<br>\ud83d\udc96 A kind and inspiring community<\/p>\n\n\n\n<p>Explore our products, discover tips to take care of yourself daily, and be guided by a vision of luxury that is soft, simple, and deeply feminine.<\/p>\n\n\n\n<p><strong>You are beautiful. Naturally.<\/strong><\/p>\n\n\n\n<p>Thank you for being here \ud83d\udcab<\/p>\n<\/blockquote>","protected":false},"excerpt":{"rendered":"<p>\ud83c\uddeb\ud83c\uddf7&nbsp; \ud83c\uddec\ud83c\udde7&nbsp; Welcome to Femi Luxe Naturel \ud83c\udf38 This is the beginning of your journey toward natural, authentic, and radiant beauty. At Femi Luxe Naturel, we believe in the power of nature and the simple elegance of every woman. Our mission? To help you reveal your natural beauty through gentle, effective, and inspiring care. \ud83c\udf3f [&hellip;]<\/p>","protected":false},"author":1,"featured_media":0,"parent":0,"menu_order":0,"comment_status":"closed","ping_status":"closed","template":"","meta":{"footnotes":""},"class_list":["post-31","page","type-page","status-publish","hentry"],"jetpack_sharing_enabled":true,"_links":{"self":[{"href":"https:\/\/femiluxenaturel.com\/en\/wp-json\/wp\/v2\/pages\/31","targetHints":{"allow":["GET"]}}],"collection":[{"href":"https:\/\/femiluxenaturel.com\/en\/wp-json\/wp\/v2\/pages"}],"about":[{"href":"https:\/\/femiluxenaturel.com\/en\/wp-json\/wp\/v2\/types\/page"}],"author":[{"embeddable":true,"href":"https:\/\/femiluxenaturel.com\/en\/wp-json\/wp\/v2\/users\/1"}],"replies":[{"embeddable":true,"href":"https:\/\/femiluxenaturel.com\/en\/wp-json\/wp\/v2\/comments?post=31"}],"version-history":[{"count":2,"href":"https:\/\/femiluxenaturel.com\/en\/wp-json\/wp\/v2\/pages\/31\/revisions"}],"predecessor-version":[{"id":72,"href":"https:\/\/femiluxenaturel.com\/en\/wp-json\/wp\/v2\/pages\/31\/revisions\/72"}],"wp:attachment":[{"href":"https:\/\/femiluxenaturel.com\/en\/wp-json\/wp\/v2\/media?parent=31"}],"curies":[{"name":"wp","href":"https:\/\/api.w.org\/{rel}","templated":true}]}}