{"id":33,"date":"2025-07-27T14:03:51","date_gmt":"2025-07-27T14:03:51","guid":{"rendered":"https:\/\/femiluxenaturel.com\/?page_id=33"},"modified":"2025-07-27T14:03:51","modified_gmt":"2025-07-27T14:03:51","slug":"a-propos-de-moi-about-me","status":"publish","type":"page","link":"https:\/\/femiluxenaturel.com\/en\/a-propos-de-moi-about-me\/","title":{"rendered":"\u00c0 propos de moi-About Me"},"content":{"rendered":"<h4 class=\"wp-block-heading\">\ud83c\uddeb\ud83c\uddf7 <\/h4>\n\n\n\n<pre class=\"wp-block-preformatted\"><code>**\u00c0 propos de moi \ud83c\udf3f**<br><br>Je m'appelle Fatima Laurene , passionn\u00e9e par la beaut\u00e9 naturelle, le bien-\u00eatre et la simplicit\u00e9 authentique. J\u2019ai cr\u00e9\u00e9 Femi Luxe Naturel pour partager une vision plus douce de la beaut\u00e9, une beaut\u00e9 qui respecte le corps, l'esprit et la nature.<br><br>Infirmi\u00e8re dipl\u00f4m\u00e9e et amoureuse des soins naturels, j\u2019ai voulu cr\u00e9er un espace qui refl\u00e8te mes valeurs : le respect, l\u2019\u00e9l\u00e9gance naturelle, et la confiance en soi.<br><br>\ud83c\udf38 Ici, je partage mes d\u00e9couvertes, mes rituels et des produits s\u00e9lectionn\u00e9s avec amour.  <br>\ud83c\udf31 Femi Luxe Naturel, c\u2019est plus qu\u2019une boutique \u2014 c\u2019est une philosophie de vie.  <br>\u2728 Sois la version la plus douce et la plus lumineuse de toi-m\u00eame.<br><br>Merci de faire partie de cette aventure avec moi \ud83d\udc96<br><\/code><\/pre>\n\n\n\n<hr class=\"wp-block-separator has-alpha-channel-opacity\"\/>\n\n\n\n<h4 class=\"wp-block-heading\">\ud83c\uddec\ud83c\udde7 <\/h4>\n\n\n\n<pre class=\"wp-block-preformatted\"><code>**About Me \ud83c\udf3f**<br><br>My name is Fatima Laurene , and I\u2019m passionate about natural beauty, wellness, and authentic simplicity. I created Femi Luxe Naturel to share a softer vision of beauty \u2014 one that honors the body, the mind, and nature.<br><br>As a certified nurse with a love for natural care, I wanted to create a space that reflects my values: respect, natural elegance, and self-confidence.<br><br>\ud83c\udf38 Here, I share my discoveries, rituals, and lovingly curated products.  <br>\ud83c\udf31 Femi Luxe Naturel is more than just a shop \u2014 it's a lifestyle philosophy.  <br>\u2728 Be the softest and brightest version of yourself.<br><br>Thank you for being part of this journey with me \ud83d\udc96<\/code><\/pre>","protected":false},"excerpt":{"rendered":"<p>\ud83c\uddeb\ud83c\uddf7 **\u00c0 propos de moi \ud83c\udf3f**Je m&rsquo;appelle Fatima Laurene , passionn\u00e9e par la beaut\u00e9 naturelle, le bien-\u00eatre et la simplicit\u00e9 authentique. J\u2019ai cr\u00e9\u00e9 Femi Luxe Naturel pour partager une vision plus douce de la beaut\u00e9, une beaut\u00e9 qui respecte le corps, l&rsquo;esprit et la nature.Infirmi\u00e8re dipl\u00f4m\u00e9e et amoureuse des soins naturels, j\u2019ai voulu cr\u00e9er un [&hellip;]<\/p>","protected":false},"author":1,"featured_media":0,"parent":0,"menu_order":0,"comment_status":"closed","ping_status":"closed","template":"","meta":{"footnotes":""},"class_list":["post-33","page","type-page","status-publish","hentry"],"jetpack_sharing_enabled":true,"_links":{"self":[{"href":"https:\/\/femiluxenaturel.com\/en\/wp-json\/wp\/v2\/pages\/33","targetHints":{"allow":["GET"]}}],"collection":[{"href":"https:\/\/femiluxenaturel.com\/en\/wp-json\/wp\/v2\/pages"}],"about":[{"href":"https:\/\/femiluxenaturel.com\/en\/wp-json\/wp\/v2\/types\/page"}],"author":[{"embeddable":true,"href":"https:\/\/femiluxenaturel.com\/en\/wp-json\/wp\/v2\/users\/1"}],"replies":[{"embeddable":true,"href":"https:\/\/femiluxenaturel.com\/en\/wp-json\/wp\/v2\/comments?post=33"}],"version-history":[{"count":1,"href":"https:\/\/femiluxenaturel.com\/en\/wp-json\/wp\/v2\/pages\/33\/revisions"}],"predecessor-version":[{"id":34,"href":"https:\/\/femiluxenaturel.com\/en\/wp-json\/wp\/v2\/pages\/33\/revisions\/34"}],"wp:attachment":[{"href":"https:\/\/femiluxenaturel.com\/en\/wp-json\/wp\/v2\/media?parent=33"}],"curies":[{"name":"wp","href":"https:\/\/api.w.org\/{rel}","templated":true}]}}