{"id":35,"date":"2025-07-27T14:24:30","date_gmt":"2025-07-27T14:24:30","guid":{"rendered":"https:\/\/femiluxenaturel.com\/?page_id=35"},"modified":"2025-07-27T14:24:30","modified_gmt":"2025-07-27T14:24:30","slug":"boutique-shop","status":"publish","type":"page","link":"https:\/\/femiluxenaturel.com\/en\/boutique-shop\/","title":{"rendered":"Boutique &#8211; Shop"},"content":{"rendered":"<h4 class=\"wp-block-heading\">\ud83c\uddeb\ud83c\uddf7\u00a0<\/h4>\n\n\n\n<blockquote class=\"wp-block-quote is-layout-flow wp-block-quote-is-layout-flow\">\n<p>Bienvenue dans la boutique Femiluxe Naturel !<br>D\u00e9couvrez notre s\u00e9lection de produits naturels, pens\u00e9s pour r\u00e9v\u00e9ler votre beaut\u00e9 et prendre soin de vous en douceur.<\/p>\n\n\n\n<p>\ud83c\udf3f Produits 100 % naturels<br>\ud83d\uded2 Paiement s\u00e9curis\u00e9<br>\ud83d\ude9a Livraison rapide<\/p>\n\n\n\n<p>Faites-vous plaisir ou offrez le bien-\u00eatre autour de vous !<\/p>\n<\/blockquote>\n\n\n\n<hr class=\"wp-block-separator has-alpha-channel-opacity\"\/>\n\n\n\n<h4 class=\"wp-block-heading\">\ud83c\uddec\ud83c\udde7\u00a0<\/h4>\n\n\n\n<blockquote class=\"wp-block-quote is-layout-flow wp-block-quote-is-layout-flow\">\n<p>Welcome to the Femiluxe Naturel Shop!<br>Explore our selection of natural products designed to reveal your beauty and gently take care of you.<\/p>\n\n\n\n<p>\ud83c\udf3f 100% Natural Products<br>\ud83d\uded2 Secure Payment<br>\ud83d\ude9a Fast Delivery<\/p>\n\n\n\n<p>Treat yourself or share wellness with those around you!<\/p>\n<\/blockquote>","protected":false},"excerpt":{"rendered":"<p>\ud83c\uddeb\ud83c\uddf7\u00a0 Bienvenue dans la boutique Femiluxe Naturel !D\u00e9couvrez notre s\u00e9lection de produits naturels, pens\u00e9s pour r\u00e9v\u00e9ler votre beaut\u00e9 et prendre soin de vous en douceur. \ud83c\udf3f Produits 100 % naturels\ud83d\uded2 Paiement s\u00e9curis\u00e9\ud83d\ude9a Livraison rapide Faites-vous plaisir ou offrez le bien-\u00eatre autour de vous ! \ud83c\uddec\ud83c\udde7\u00a0 Welcome to the Femiluxe Naturel Shop!Explore our selection of natural [&hellip;]<\/p>","protected":false},"author":1,"featured_media":0,"parent":0,"menu_order":0,"comment_status":"closed","ping_status":"closed","template":"","meta":{"footnotes":""},"class_list":["post-35","page","type-page","status-publish","hentry"],"jetpack_sharing_enabled":true,"_links":{"self":[{"href":"https:\/\/femiluxenaturel.com\/en\/wp-json\/wp\/v2\/pages\/35","targetHints":{"allow":["GET"]}}],"collection":[{"href":"https:\/\/femiluxenaturel.com\/en\/wp-json\/wp\/v2\/pages"}],"about":[{"href":"https:\/\/femiluxenaturel.com\/en\/wp-json\/wp\/v2\/types\/page"}],"author":[{"embeddable":true,"href":"https:\/\/femiluxenaturel.com\/en\/wp-json\/wp\/v2\/users\/1"}],"replies":[{"embeddable":true,"href":"https:\/\/femiluxenaturel.com\/en\/wp-json\/wp\/v2\/comments?post=35"}],"version-history":[{"count":1,"href":"https:\/\/femiluxenaturel.com\/en\/wp-json\/wp\/v2\/pages\/35\/revisions"}],"predecessor-version":[{"id":36,"href":"https:\/\/femiluxenaturel.com\/en\/wp-json\/wp\/v2\/pages\/35\/revisions\/36"}],"wp:attachment":[{"href":"https:\/\/femiluxenaturel.com\/en\/wp-json\/wp\/v2\/media?parent=35"}],"curies":[{"name":"wp","href":"https:\/\/api.w.org\/{rel}","templated":true}]}}