{"id":37,"date":"2025-07-27T14:33:28","date_gmt":"2025-07-27T14:33:28","guid":{"rendered":"https:\/\/femiluxenaturel.com\/?page_id=37"},"modified":"2025-07-27T14:33:29","modified_gmt":"2025-07-27T14:33:29","slug":"contact","status":"publish","type":"page","link":"https:\/\/femiluxenaturel.com\/en\/contact\/","title":{"rendered":"Contact"},"content":{"rendered":"<h4 class=\"wp-block-heading\">\ud83c\uddeb\ud83c\uddf7\u00a0<\/h4>\n\n\n\n<blockquote class=\"wp-block-quote is-layout-flow wp-block-quote-is-layout-flow\">\n<p>Une question ? Un partenariat ? Une commande sp\u00e9ciale ?<\/p>\n\n\n\n<p>N\u2019h\u00e9site pas \u00e0 nous \u00e9crire, nous sommes \u00e0 ton \u00e9coute !<\/p>\n\n\n\n<p>\ud83d\udce7 Email :\u00a0<a>contact@femiluxenaturel.com<\/a><br>\ud83d\udccd Bas\u00e9e \u00e0 Berlin, Allemagne<\/p>\n\n\n\n<p><\/p>\n<\/blockquote>\n\n\n\n<h4 class=\"wp-block-heading\">\ud83c\uddec\ud83c\udde7\u00a0<\/h4>\n\n\n\n<blockquote class=\"wp-block-quote is-layout-flow wp-block-quote-is-layout-flow\">\n<p>Have a question? A collaboration idea? A special order?<\/p>\n\n\n\n<p>Don\u2019t hesitate to write to us, we are here for you!<\/p>\n\n\n\n<p>\ud83d\udce7 Email:\u00a0<a>contact@femiluxenaturel.com<\/a><br>\ud83d\udccd Based in Berlin, Germany<\/p>\n\n\n\n<p><\/p>\n<\/blockquote>","protected":false},"excerpt":{"rendered":"<p>\ud83c\uddeb\ud83c\uddf7\u00a0 Une question ? Un partenariat ? Une commande sp\u00e9ciale ? N\u2019h\u00e9site pas \u00e0 nous \u00e9crire, nous sommes \u00e0 ton \u00e9coute ! \ud83d\udce7 Email :\u00a0contact@femiluxenaturel.com\ud83d\udccd Bas\u00e9e \u00e0 Berlin, Allemagne \ud83c\uddec\ud83c\udde7\u00a0 Have a question? A collaboration idea? A special order? Don\u2019t hesitate to write to us, we are here for you! \ud83d\udce7 Email:\u00a0contact@femiluxenaturel.com\ud83d\udccd Based in Berlin, [&hellip;]<\/p>","protected":false},"author":1,"featured_media":0,"parent":0,"menu_order":0,"comment_status":"closed","ping_status":"closed","template":"","meta":{"footnotes":""},"class_list":["post-37","page","type-page","status-publish","hentry"],"jetpack_sharing_enabled":true,"_links":{"self":[{"href":"https:\/\/femiluxenaturel.com\/en\/wp-json\/wp\/v2\/pages\/37","targetHints":{"allow":["GET"]}}],"collection":[{"href":"https:\/\/femiluxenaturel.com\/en\/wp-json\/wp\/v2\/pages"}],"about":[{"href":"https:\/\/femiluxenaturel.com\/en\/wp-json\/wp\/v2\/types\/page"}],"author":[{"embeddable":true,"href":"https:\/\/femiluxenaturel.com\/en\/wp-json\/wp\/v2\/users\/1"}],"replies":[{"embeddable":true,"href":"https:\/\/femiluxenaturel.com\/en\/wp-json\/wp\/v2\/comments?post=37"}],"version-history":[{"count":1,"href":"https:\/\/femiluxenaturel.com\/en\/wp-json\/wp\/v2\/pages\/37\/revisions"}],"predecessor-version":[{"id":38,"href":"https:\/\/femiluxenaturel.com\/en\/wp-json\/wp\/v2\/pages\/37\/revisions\/38"}],"wp:attachment":[{"href":"https:\/\/femiluxenaturel.com\/en\/wp-json\/wp\/v2\/media?parent=37"}],"curies":[{"name":"wp","href":"https:\/\/api.w.org\/{rel}","templated":true}]}}