{"id":41,"date":"2025-07-27T16:45:38","date_gmt":"2025-07-27T16:45:38","guid":{"rendered":"https:\/\/femiluxenaturel.com\/?page_id=41"},"modified":"2025-07-27T16:48:49","modified_gmt":"2025-07-27T16:48:49","slug":"foire-aux-questions-faq","status":"publish","type":"page","link":"https:\/\/femiluxenaturel.com\/en\/foire-aux-questions-faq\/","title":{"rendered":"Foire Aux Questions &#8211; Frequently Asked Questions (FAQ)"},"content":{"rendered":"<p><\/p>\n\n\n\n<p><strong>1. Quels types de produits proposez-vous ?<\/strong><br>Nous proposons des produits naturels faits \u00e0 base d\u2019ingr\u00e9dients de qualit\u00e9 pour le soin de la peau et des cheveux.<\/p>\n\n\n\n<p><strong>2. Est-ce que vos produits conviennent \u00e0 tous les types de peau ?<\/strong><br>Oui, nos produits sont con\u00e7us pour tous les types de peau, m\u00eame les plus sensibles.<\/p>\n\n\n\n<p><strong>3. O\u00f9 livrez-vous ?<\/strong><br>Nous livrons dans toute l\u2019Europe et dans certains pays d\u2019Afrique. Consultez notre page Livraison pour plus de d\u00e9tails.<\/p>\n\n\n\n<p><strong>4. Quels sont les d\u00e9lais de livraison ?<\/strong><br>Les d\u00e9lais de livraison varient de 3 \u00e0 7 jours ouvr\u00e9s selon votre localisation.<\/p>\n\n\n\n<p><strong>5. Comment puis-je payer ma commande ?<\/strong><br>Nous acceptons les paiements par carte bancaire, PayPal et mobile money (selon la r\u00e9gion).<\/p>\n\n\n\n<hr class=\"wp-block-separator has-alpha-channel-opacity\"\/>\n\n\n\n<p><\/p>\n\n\n\n<p><strong>1. What kind of products do you offer?<\/strong><br>We offer natural skincare and haircare products made with high-quality ingredients.<\/p>\n\n\n\n<p><strong>2. Are your products suitable for all skin types?<\/strong><br>Yes, our products are suitable for all skin types, including sensitive skin.<\/p>\n\n\n\n<p><strong>3. Where do you ship to?<\/strong><br>We ship throughout Europe and to selected African countries. Visit our Shipping page for more details.<\/p>\n\n\n\n<p><strong>4. How long does delivery take?<\/strong><br>Delivery usually takes between 3 to 7 working days, depending on your location.<\/p>\n\n\n\n<p><strong>5. What payment methods do you accept?<\/strong><br>We accept credit cards, PayPal, and mobile money (depending on the region).<\/p>","protected":false},"excerpt":{"rendered":"<p>1. Quels types de produits proposez-vous ?Nous proposons des produits naturels faits \u00e0 base d\u2019ingr\u00e9dients de qualit\u00e9 pour le soin de la peau et des cheveux. 2. Est-ce que vos produits conviennent \u00e0 tous les types de peau ?Oui, nos produits sont con\u00e7us pour tous les types de peau, m\u00eame les plus sensibles. 3. O\u00f9 [&hellip;]<\/p>","protected":false},"author":1,"featured_media":0,"parent":0,"menu_order":0,"comment_status":"closed","ping_status":"closed","template":"","meta":{"footnotes":""},"class_list":["post-41","page","type-page","status-publish","hentry"],"jetpack_sharing_enabled":true,"_links":{"self":[{"href":"https:\/\/femiluxenaturel.com\/en\/wp-json\/wp\/v2\/pages\/41","targetHints":{"allow":["GET"]}}],"collection":[{"href":"https:\/\/femiluxenaturel.com\/en\/wp-json\/wp\/v2\/pages"}],"about":[{"href":"https:\/\/femiluxenaturel.com\/en\/wp-json\/wp\/v2\/types\/page"}],"author":[{"embeddable":true,"href":"https:\/\/femiluxenaturel.com\/en\/wp-json\/wp\/v2\/users\/1"}],"replies":[{"embeddable":true,"href":"https:\/\/femiluxenaturel.com\/en\/wp-json\/wp\/v2\/comments?post=41"}],"version-history":[{"count":2,"href":"https:\/\/femiluxenaturel.com\/en\/wp-json\/wp\/v2\/pages\/41\/revisions"}],"predecessor-version":[{"id":44,"href":"https:\/\/femiluxenaturel.com\/en\/wp-json\/wp\/v2\/pages\/41\/revisions\/44"}],"wp:attachment":[{"href":"https:\/\/femiluxenaturel.com\/en\/wp-json\/wp\/v2\/media?parent=41"}],"curies":[{"name":"wp","href":"https:\/\/api.w.org\/{rel}","templated":true}]}}