{"id":58,"date":"2025-07-27T19:11:20","date_gmt":"2025-07-27T19:11:20","guid":{"rendered":"https:\/\/femiluxenaturel.com\/?page_id=58"},"modified":"2025-07-27T19:11:22","modified_gmt":"2025-07-27T19:11:22","slug":"informations-legales-conditions-de-vente-legal-information-sales-terms","status":"publish","type":"page","link":"https:\/\/femiluxenaturel.com\/en\/informations-legales-conditions-de-vente-legal-information-sales-terms\/","title":{"rendered":"Informations l\u00e9gales &amp; conditions de vente | Legal Information &amp; Sales Terms"},"content":{"rendered":"<h2 class=\"wp-block-heading\">\ud83d\udd10&nbsp;<strong>1. Mentions L\u00e9gales<\/strong><\/h2>\n\n\n\n<h3 class=\"wp-block-heading\">\ud83c\uddeb\ud83c\uddf7 Mentions L\u00e9gales :<\/h3>\n\n\n\n<p><strong>\u00c9diteur du site :<\/strong><br>Nom : Femiluxe Naturel<br>Bas\u00e9e : Allemagne<br>T\u00e9l\u00e9phone : <br>Email :<br>H\u00e9bergeur : Hostinger,\u00a0<a>www.hostinger.fr<\/a><\/p>\n\n\n\n<p>Ce site est la propri\u00e9t\u00e9 exclusive de Femiluxe Naturel. Toute reproduction ou distribution du contenu est interdite sans autorisation \u00e9crite.<\/p>\n\n\n\n<h3 class=\"wp-block-heading\">\ud83c\uddec\ud83c\udde7 Legal Notice:<\/h3>\n\n\n\n<p><strong>Site Publisher:<\/strong><br>Name: Femiluxe Naturel<br>Based: Germany<br>Phone: <br>Email: <br>Hosting Provider: Hostinger,\u00a0<a>www.hostinger.com<\/a><\/p>\n\n\n\n<p>This website is the exclusive property of Femiluxe Naturel. Any reproduction or distribution of content is strictly prohibited without written permission.<\/p>\n\n\n\n<hr class=\"wp-block-separator has-alpha-channel-opacity\"\/>\n\n\n\n<h2 class=\"wp-block-heading\">\ud83d\udcdc&nbsp;<strong>2. Conditions G\u00e9n\u00e9rales de Vente (CGV)<\/strong><\/h2>\n\n\n\n<h3 class=\"wp-block-heading\">\ud83c\uddeb\ud83c\uddf7 Conditions G\u00e9n\u00e9rales de Vente :<\/h3>\n\n\n\n<p>Les pr\u00e9sentes conditions r\u00e9gissent les ventes effectu\u00e9es sur le site\u00a0<a class=\"\" href=\"https:\/\/femiluxenaturel.com\/en\/\">www.femiluxenaturel.com<\/a>.<br>Les produits sont livr\u00e9s sous 2 \u00e0 7 jours ouvr\u00e9s.<br>Les prix sont en euros et incluent la TVA.<br>Le paiement est s\u00e9curis\u00e9 via Stripe.<\/p>\n\n\n\n<h3 class=\"wp-block-heading\">\ud83c\uddec\ud83c\udde7 Terms and Conditions of Sale:<\/h3>\n\n\n\n<p>These terms govern sales on\u00a0<a class=\"\" href=\"https:\/\/femiluxenaturel.com\/en\/\">www.femiluxenaturel.com<\/a>.<br>Products are delivered within 2 to 7 business days.<br>Prices are in euros and include VAT.<br>Payment is secured through Stripe.<\/p>\n\n\n\n<hr class=\"wp-block-separator has-alpha-channel-opacity\"\/>\n\n\n\n<h2 class=\"wp-block-heading\">\ud83d\udd01&nbsp;<strong>3. Politique de retour<\/strong><\/h2>\n\n\n\n<h3 class=\"wp-block-heading\">\ud83c\uddeb\ud83c\uddf7 Politique de retour :<\/h3>\n\n\n\n<p>Vous disposez de 14 jours apr\u00e8s r\u00e9ception pour retourner un produit non utilis\u00e9.<br>Les frais de retour sont \u00e0 votre charge.<br>Veuillez nous contacter avant tout retour via notre e-mail.<\/p>\n\n\n\n<h3 class=\"wp-block-heading\">\ud83c\uddec\ud83c\udde7 Return Policy:<\/h3>\n\n\n\n<p>You have 14 days after receiving your order to return unused items.<br>Return costs are your responsibility.<br>Please contact us before any return at our email.<\/p>\n\n\n\n<hr class=\"wp-block-separator has-alpha-channel-opacity\"\/>\n\n\n\n<h2 class=\"wp-block-heading\">\ud83d\udcb8&nbsp;<strong>4. Politique de remboursement<\/strong><\/h2>\n\n\n\n<h3 class=\"wp-block-heading\">\ud83c\uddeb\ud83c\uddf7 Politique de remboursement :<\/h3>\n\n\n\n<p>Apr\u00e8s r\u00e9ception et inspection du produit retourn\u00e9, un remboursement sera effectu\u00e9 sous 7 jours ouvr\u00e9s via le mode de paiement initial.<\/p>\n\n\n\n<h3 class=\"wp-block-heading\">\ud83c\uddec\ud83c\udde7 Refund Policy:<\/h3>\n\n\n\n<p>After receiving and inspecting the returned product, a refund will be issued within 7 business days using the original payment method.<\/p>","protected":false},"excerpt":{"rendered":"<p>\ud83d\udd10&nbsp;1. Mentions L\u00e9gales \ud83c\uddeb\ud83c\uddf7 Mentions L\u00e9gales : \u00c9diteur du site :Nom : Femiluxe NaturelBas\u00e9e : AllemagneT\u00e9l\u00e9phone : Email :H\u00e9bergeur : Hostinger,\u00a0www.hostinger.fr Ce site est la propri\u00e9t\u00e9 exclusive de Femiluxe Naturel. Toute reproduction ou distribution du contenu est interdite sans autorisation \u00e9crite. \ud83c\uddec\ud83c\udde7 Legal Notice: Site Publisher:Name: Femiluxe NaturelBased: GermanyPhone: Email: Hosting Provider: Hostinger,\u00a0www.hostinger.com This website [&hellip;]<\/p>","protected":false},"author":1,"featured_media":0,"parent":0,"menu_order":0,"comment_status":"closed","ping_status":"closed","template":"","meta":{"footnotes":""},"class_list":["post-58","page","type-page","status-publish","hentry"],"jetpack_sharing_enabled":true,"_links":{"self":[{"href":"https:\/\/femiluxenaturel.com\/en\/wp-json\/wp\/v2\/pages\/58","targetHints":{"allow":["GET"]}}],"collection":[{"href":"https:\/\/femiluxenaturel.com\/en\/wp-json\/wp\/v2\/pages"}],"about":[{"href":"https:\/\/femiluxenaturel.com\/en\/wp-json\/wp\/v2\/types\/page"}],"author":[{"embeddable":true,"href":"https:\/\/femiluxenaturel.com\/en\/wp-json\/wp\/v2\/users\/1"}],"replies":[{"embeddable":true,"href":"https:\/\/femiluxenaturel.com\/en\/wp-json\/wp\/v2\/comments?post=58"}],"version-history":[{"count":1,"href":"https:\/\/femiluxenaturel.com\/en\/wp-json\/wp\/v2\/pages\/58\/revisions"}],"predecessor-version":[{"id":59,"href":"https:\/\/femiluxenaturel.com\/en\/wp-json\/wp\/v2\/pages\/58\/revisions\/59"}],"wp:attachment":[{"href":"https:\/\/femiluxenaturel.com\/en\/wp-json\/wp\/v2\/media?parent=58"}],"curies":[{"name":"wp","href":"https:\/\/api.w.org\/{rel}","templated":true}]}}